{"id":921,"date":"2020-12-17T15:18:45","date_gmt":"2020-12-17T20:18:45","guid":{"rendered":"https:\/\/swit.sociationdev.com\/?page_id=921"},"modified":"2020-12-18T10:52:08","modified_gmt":"2020-12-18T15:52:08","slug":"become-an-ally","status":"publish","type":"page","link":"https:\/\/swit.sociationdev.com\/fr\/become-an-ally\/","title":{"rendered":"Become an Ally"},"content":{"rendered":"<section id=\"contac_sec\" class=\"form-section sm-padding\">\r\n        <div class=\"container\">\r\n            <div class=\"heading-seciton text-center\">\r\n                <h2>DEVENEZ UN #ALLI\u00c9<span class=\"blue-text\">SWiT<\/span><\/h2>\r\n                <h6 class=\"grey-text sub-heading\">M\u00eame si vous n&rsquo;\u00eates pas un employeur qui embauche ou forme directement des femmes de m\u00e9tier,<span class=\"block-text\">vous pouvez toujours faire partie de la solution!  A #ALLI\u00c9SWiT est une organisation qui identifie les obstacles <\/span> <span class=\"block-text\" auxquels les femmes sont confront\u00e9es dans les milieux de travail sp\u00e9cialis\u00e9s et les aborde gr\u00e2ce \u00e0 ses politiques<\/span><span class=\"block-text\">et programmes.<\/span><\/h6>\r\n            <\/div>\r\n            <div class=\"form-wrapper\"><script type=\"text\/javascript\">var gform;gform||(document.addEventListener(\"gform_main_scripts_loaded\",function(){gform.scriptsLoaded=!0}),document.addEventListener(\"gform\/theme\/scripts_loaded\",function(){gform.themeScriptsLoaded=!0}),window.addEventListener(\"DOMContentLoaded\",function(){gform.domLoaded=!0}),gform={domLoaded:!1,scriptsLoaded:!1,themeScriptsLoaded:!1,isFormEditor:()=>\"function\"==typeof InitializeEditor,callIfLoaded:function(o){return!(!gform.domLoaded||!gform.scriptsLoaded||!gform.themeScriptsLoaded&&!gform.isFormEditor()||(gform.isFormEditor()&&console.warn(\"The use of gform.initializeOnLoaded() is deprecated in the form editor context and will be removed in Gravity Forms 3.1.\"),o(),0))},initializeOnLoaded:function(o){gform.callIfLoaded(o)||(document.addEventListener(\"gform_main_scripts_loaded\",()=>{gform.scriptsLoaded=!0,gform.callIfLoaded(o)}),document.addEventListener(\"gform\/theme\/scripts_loaded\",()=>{gform.themeScriptsLoaded=!0,gform.callIfLoaded(o)}),window.addEventListener(\"DOMContentLoaded\",()=>{gform.domLoaded=!0,gform.callIfLoaded(o)}))},hooks:{action:{},filter:{}},addAction:function(o,r,e,t){gform.addHook(\"action\",o,r,e,t)},addFilter:function(o,r,e,t){gform.addHook(\"filter\",o,r,e,t)},doAction:function(o){gform.doHook(\"action\",o,arguments)},applyFilters:function(o){return gform.doHook(\"filter\",o,arguments)},removeAction:function(o,r){gform.removeHook(\"action\",o,r)},removeFilter:function(o,r,e){gform.removeHook(\"filter\",o,r,e)},addHook:function(o,r,e,t,n){null==gform.hooks[o][r]&&(gform.hooks[o][r]=[]);var d=gform.hooks[o][r];null==n&&(n=r+\"_\"+d.length),gform.hooks[o][r].push({tag:n,callable:e,priority:t=null==t?10:t})},doHook:function(r,o,e){var t;if(e=Array.prototype.slice.call(e,1),null!=gform.hooks[r][o]&&((o=gform.hooks[r][o]).sort(function(o,r){return o.priority-r.priority}),o.forEach(function(o){\"function\"!=typeof(t=o.callable)&&(t=window[t]),\"action\"==r?t.apply(null,e):e[0]=t.apply(null,e)})),\"filter\"==r)return e[0]},removeHook:function(o,r,t,n){var e;null!=gform.hooks[o][r]&&(e=(e=gform.hooks[o][r]).filter(function(o,r,e){return!!(null!=n&&n!=o.tag||null!=t&&t!=o.priority)}),gform.hooks[o][r]=e)}});<\/script>\n                <div class='gf_browser_gecko gform_wrapper gform_legacy_markup_wrapper gform-theme--no-framework' data-form-theme='legacy' data-form-index='0' id='gform_wrapper_3' ><form method='post' enctype='multipart\/form-data'  id='gform_3'  action='\/fr\/wp-json\/wp\/v2\/pages\/921' data-formid='3' novalidate>\n                        <div class='gform-body gform_body'><ul id='gform_fields_3' class='gform_fields top_label form_sublabel_below description_below validation_below'><li id=\"field_3_1\" class=\"gfield gfield--type-name field_sublabel_below gfield--no-description field_description_below hidden_label field_validation_below gfield_visibility_visible\"  data-js-reload=\"field_3_1\" ><label class='gfield_label gform-field-label gfield_label_before_complex' >Pr\u00e9nom<\/label><div class='ginput_complex ginput_container ginput_container--name no_prefix has_first_name no_middle_name has_last_name no_suffix gf_name_has_2 ginput_container_name gform-grid-row' id='input_3_1'>\n                            \n                            <span id='input_3_1_3_container' class='name_first gform-grid-col gform-grid-col--size-auto' >\n                                                    <input type='text' name='input_1.3' id='input_3_1_3' value=''   aria-required='false'   placeholder='Pr\u00e9nom'  \/>\n                                                    <label for='input_3_1_3' class='gform-field-label gform-field-label--type-sub '>Pr\u00e9nom<\/label>\n                                                <\/span>\n                            \n                            <span id='input_3_1_6_container' class='name_last gform-grid-col gform-grid-col--size-auto' >\n                                                    <input type='text' name='input_1.6' id='input_3_1_6' value=''   aria-required='false'   placeholder='Nom de famille'  \/>\n                                                    <label for='input_3_1_6' class='gform-field-label gform-field-label--type-sub '>Nom de famille<\/label>\n                                                <\/span>\n                            \n                        <\/div><\/li><li id=\"field_3_2\" class=\"gfield gfield--type-text gfield_contains_required field_sublabel_below gfield--no-description field_description_below hidden_label field_validation_below gfield_visibility_visible\"  data-js-reload=\"field_3_2\" ><label class='gfield_label gform-field-label' for='input_3_2'>Organisme<span class=\"gfield_required\"><span class=\"gfield_required gfield_required_asterisk\">*<\/span><\/span><\/label><div class='ginput_container ginput_container_text'><input name='input_2' id='input_3_2' type='text' value='' class='large'    placeholder='Organisme' aria-required=\"true\" aria-invalid=\"false\"   \/><\/div><\/li><li id=\"field_3_3\" class=\"gfield gfield--type-email gfield_contains_required field_sublabel_below gfield--no-description field_description_below hidden_label field_validation_below gfield_visibility_visible\"  data-js-reload=\"field_3_3\" ><label class='gfield_label gform-field-label' for='input_3_3'>Courriel<span class=\"gfield_required\"><span class=\"gfield_required gfield_required_asterisk\">*<\/span><\/span><\/label><div class='ginput_container ginput_container_email'>\n                            <input name='input_3' id='input_3_3' type='email' value='' class='large'   placeholder='Courriel' aria-required=\"true\" aria-invalid=\"false\"  \/>\n                        <\/div><\/li><li id=\"field_3_4\" class=\"gfield gfield--type-radio gfield--type-choice gfield_contains_required field_sublabel_below gfield--no-description field_description_below field_validation_below gfield_visibility_visible\"  data-js-reload=\"field_3_4\" ><label class='gfield_label gform-field-label' >Mon organisation fait la promotion de l&#039;embauche et de la formation des femmes dans les m\u00e9tiers sp\u00e9cialis\u00e9s:<span class=\"gfield_required\"><span class=\"gfield_required gfield_required_asterisk\">*<\/span><\/span><\/label><div class='ginput_container ginput_container_radio'><ul class='gfield_radio' id='input_3_4'>\n\t\t\t<li class='gchoice gchoice_3_4_0'>\n\t\t\t\t<input name='input_4' type='radio' value='Oui'  id='choice_3_4_0'    \/>\n\t\t\t\t<label for='choice_3_4_0' id='label_3_4_0' class='gform-field-label gform-field-label--type-inline'>Oui<\/label>\n\t\t\t<\/li>\n\t\t\t<li class='gchoice gchoice_3_4_1'>\n\t\t\t\t<input name='input_4' type='radio' value='Non'  id='choice_3_4_1'    \/>\n\t\t\t\t<label for='choice_3_4_1' id='label_3_4_1' class='gform-field-label gform-field-label--type-inline'>Non<\/label>\n\t\t\t<\/li><\/ul><\/div><\/li><li id=\"field_3_5\" class=\"gfield gfield--type-text gfield_contains_required field_sublabel_below gfield--no-description field_description_below field_validation_below gfield_visibility_visible\"  data-js-reload=\"field_3_5\" ><label class='gfield_label gform-field-label' for='input_3_5'>Veuillez d\u00e9crire les activit\u00e9s entreprises qui soutiennent l&#039;augmentation du nombre de femmes dans les m\u00e9tiers sp\u00e9cialis\u00e9s? (c.-\u00e0-d. promotion des carri\u00e8res dans les m\u00e9tiers sp\u00e9cialis\u00e9s aupr\u00e8s des filles, programmes de pr\u00e9apprentissage pour les femmes, formation d&#039;apprenties, etc.)<span class=\"gfield_required\"><span class=\"gfield_required gfield_required_asterisk\">*<\/span><\/span><\/label><div class='ginput_container ginput_container_text'><input name='input_5' id='input_3_5' type='text' value='' class='large'     aria-required=\"true\" aria-invalid=\"false\"   \/><\/div><\/li><li id=\"field_3_6\" class=\"gfield gfield--type-radio gfield--type-choice gfield_contains_required field_sublabel_below gfield--no-description field_description_below field_validation_below gfield_visibility_visible\"  data-js-reload=\"field_3_6\" ><label class='gfield_label gform-field-label' >Mon organisation offre une formation sur le respect du milieu de travail et \/ ou l&#039;inclusion:<span class=\"gfield_required\"><span class=\"gfield_required gfield_required_asterisk\">*<\/span><\/span><\/label><div class='ginput_container ginput_container_radio'><ul class='gfield_radio' id='input_3_6'>\n\t\t\t<li class='gchoice gchoice_3_6_0'>\n\t\t\t\t<input name='input_6' type='radio' value='Oui'  id='choice_3_6_0'    \/>\n\t\t\t\t<label for='choice_3_6_0' id='label_3_6_0' class='gform-field-label gform-field-label--type-inline'>Oui<\/label>\n\t\t\t<\/li>\n\t\t\t<li class='gchoice gchoice_3_6_1'>\n\t\t\t\t<input name='input_6' type='radio' value='Non'  id='choice_3_6_1'    \/>\n\t\t\t\t<label for='choice_3_6_1' id='label_3_6_1' class='gform-field-label gform-field-label--type-inline'>Non<\/label>\n\t\t\t<\/li><\/ul><\/div><\/li><li id=\"field_3_11\" class=\"gfield gfield--type-text field_sublabel_below gfield--no-description field_description_below field_validation_below gfield_visibility_visible\"  data-js-reload=\"field_3_11\" ><label class='gfield_label gform-field-label' for='input_3_11'>Veuillez fournir l&#039;url vers laquelle vous souhaitez que le FCA-CAF \u00e9tablisse un lien depuis la page Web Supporting Women in Trades (SWiT)<\/label><div class='ginput_container ginput_container_text'><input name='input_11' id='input_3_11' type='text' value='' class='large'      aria-invalid=\"false\"   \/><\/div><\/li><li id=\"field_3_7\" class=\"gfield gfield--type-html gfield_html gfield_html_formatted gfield_no_follows_desc field_sublabel_below gfield--no-description field_description_below field_validation_below gfield_visibility_visible\"  data-js-reload=\"field_3_7\" >Le FCA-CAF souhaite mieux comprendre le r\u00f4le que jouent les coll\u00e8ges dans la formation de la future main-d\u2019\u0153uvre des m\u00e9tiers sp\u00e9cialis\u00e9s du Canada. Les coll\u00e8ges qui deviennent des alli\u00e9s SWiT seront invit\u00e9s \u00e0 remplir une enqu\u00eate volontaire apr\u00e8s avoir soumis ce formulaire.\n<br><br>\n* Tous les alli\u00e9s SWiT sont soumis \u00e0 l'approbation de la FCA-CAF<\/li><\/ul><\/div>\n        <div class='gform-footer gform_footer top_label'> <input type='submit' id='gform_submit_button_3' class='gform_button button' onclick='gform.submission.handleButtonClick(this);' value='REMPLIR'  \/> \n            <input type='hidden' class='gform_hidden' name='gform_submission_method' data-js='gform_submission_method_3' value='postback' \/>\n            <input type='hidden' class='gform_hidden' name='gform_theme' data-js='gform_theme_3' id='gform_theme_3' value='legacy' \/>\n            <input type='hidden' class='gform_hidden' name='gform_style_settings' data-js='gform_style_settings_3' id='gform_style_settings_3' value='[]' \/>\n            <input type='hidden' class='gform_hidden' name='is_submit_3' value='1' \/>\n            <input type='hidden' class='gform_hidden' name='gform_submit' value='3' \/>\n            \n            <input type='hidden' class='gform_hidden' name='gform_unique_id' value='' \/>\n            <input type='hidden' class='gform_hidden' name='state_3' value='WyJbXSIsImIxM2M2NzI2MjhjZTEyMzBiMDNlZjU3NWVkNTNjMGU1Il0=' \/>\n            <input type='hidden' autocomplete='off' class='gform_hidden' name='gform_target_page_number_3' id='gform_target_page_number_3' value='0' \/>\n            <input type='hidden' autocomplete='off' class='gform_hidden' name='gform_source_page_number_3' id='gform_source_page_number_3' value='1' \/>\n            <input type='hidden' name='gform_field_values' value='' \/>\n            \n        <\/div>\n                        <\/form>\n                        <\/div><script type=\"text\/javascript\">\n\/* <![CDATA[ *\/\n gform.initializeOnLoaded( function() {gformInitSpinner( 3, 'https:\/\/swit.sociationdev.com\/wp-content\/plugins\/gravityforms\/images\/spinner.svg', true );jQuery('#gform_ajax_frame_3').on('load',function(){var contents = jQuery(this).contents().find('*').html();var is_postback = contents.indexOf('GF_AJAX_POSTBACK') >= 0;if(!is_postback){return;}var form_content = jQuery(this).contents().find('#gform_wrapper_3');var is_confirmation = jQuery(this).contents().find('#gform_confirmation_wrapper_3').length > 0;var is_redirect = contents.indexOf('gformRedirect(){') >= 0;var is_form = form_content.length > 0 && ! is_redirect && ! is_confirmation;var mt = parseInt(jQuery('html').css('margin-top'), 10) + parseInt(jQuery('body').css('margin-top'), 10) + 100;if(is_form){jQuery('#gform_wrapper_3').html(form_content.html());if(form_content.hasClass('gform_validation_error')){jQuery('#gform_wrapper_3').addClass('gform_validation_error');} else {jQuery('#gform_wrapper_3').removeClass('gform_validation_error');}setTimeout( function() { \/* delay the scroll by 50 milliseconds to fix a bug in chrome *\/  }, 50 );if(window['gformInitDatepicker']) {gformInitDatepicker();}if(window['gformInitPriceFields']) {gformInitPriceFields();}var current_page = jQuery('#gform_source_page_number_3').val();gformInitSpinner( 3, 'https:\/\/swit.sociationdev.com\/wp-content\/plugins\/gravityforms\/images\/spinner.svg', true );jQuery(document).trigger('gform_page_loaded', [3, current_page]);window['gf_submitting_3'] = false;}else if(!is_redirect){var confirmation_content = jQuery(this).contents().find('.GF_AJAX_POSTBACK').html();if(!confirmation_content){confirmation_content = contents;}jQuery('#gform_wrapper_3').replaceWith(confirmation_content);jQuery(document).trigger('gform_confirmation_loaded', [3]);window['gf_submitting_3'] = false;wp.a11y.speak(jQuery('#gform_confirmation_message_3').text());}else{jQuery('#gform_3').append(contents);if(window['gformRedirect']) {gformRedirect();}}jQuery(document).trigger(\"gform_pre_post_render\", [{ formId: \"3\", currentPage: \"current_page\", abort: function() { this.preventDefault(); } }]);                if (event && event.defaultPrevented) {                return;         }        const gformWrapperDiv = document.getElementById( \"gform_wrapper_3\" );        if ( gformWrapperDiv ) {            const visibilitySpan = document.createElement( \"span\" );            visibilitySpan.id = \"gform_visibility_test_3\";            gformWrapperDiv.insertAdjacentElement( \"afterend\", visibilitySpan );        }        const visibilityTestDiv = document.getElementById( \"gform_visibility_test_3\" );        let postRenderFired = false;                function triggerPostRender() {            if ( postRenderFired ) {                return;            }            postRenderFired = true;            jQuery( document ).trigger( 'gform_post_render', [3, current_page] );            gform.utils.trigger( { event: 'gform\/postRender', native: false, data: { formId: 3, currentPage: current_page } } );            gform.utils.trigger( { event: 'gform\/post_render', native: false, data: { formId: 3, currentPage: current_page } } );            if ( visibilityTestDiv ) {                visibilityTestDiv.parentNode.removeChild( visibilityTestDiv );            }        }        function debounce( func, wait, immediate ) {            var timeout;            return function() {                var context = this, args = arguments;                var later = function() {                    timeout = null;                    if ( !immediate ) func.apply( context, args );                };                var callNow = immediate && !timeout;                clearTimeout( timeout );                timeout = setTimeout( later, wait );                if ( callNow ) func.apply( context, args );            };        }        const debouncedTriggerPostRender = debounce( function() {            triggerPostRender();        }, 200 );        if ( visibilityTestDiv && visibilityTestDiv.offsetParent === null ) {            const observer = new MutationObserver( ( mutations ) => {                mutations.forEach( ( mutation ) => {                    if ( mutation.type === 'attributes' && visibilityTestDiv.offsetParent !== null ) {                        debouncedTriggerPostRender();                        observer.disconnect();                    }                });            });            observer.observe( document.body, {                attributes: true,                childList: false,                subtree: true,                attributeFilter: [ 'style', 'class' ],            });        } else {            triggerPostRender();        }    } );} ); \n\/* ]]> *\/\n<\/script>\n<\/div>\r\n        <\/div>\r\n    <\/section><!--form-section-->\r\n","protected":false},"excerpt":{"rendered":"<p>DEVENEZ UN #ALLI\u00c9SWiT M\u00eame si vous n&rsquo;\u00eates pas un employeur qui embauche ou forme directement des femmes de m\u00e9tier,vous pouvez toujours faire partie de la solution! A #ALLI\u00c9SWiT est une organisation qui identifie les obstacles<\/p>\n","protected":false},"author":2,"featured_media":0,"parent":0,"menu_order":0,"comment_status":"closed","ping_status":"closed","template":"","meta":{"_acf_changed":false,"_genesis_hide_title":false,"_genesis_hide_breadcrumbs":false,"_genesis_hide_singular_image":false,"_genesis_hide_footer_widgets":false,"_genesis_custom_body_class":"","_genesis_custom_post_class":"","_genesis_layout":"full-width-content","footnotes":""},"acf":[],"yoast_head":"<!-- This site is optimized with the Yoast SEO plugin v22.3 - https:\/\/yoast.com\/wordpress\/plugins\/seo\/ -->\n<title>Become an Ally - SWIT<\/title>\n<meta name=\"robots\" content=\"noindex, follow, max-snippet:-1, max-image-preview:large, max-video-preview:-1\" \/>\n<meta property=\"og:locale\" content=\"fr_FR\" \/>\n<meta property=\"og:type\" content=\"article\" \/>\n<meta property=\"og:title\" content=\"Become an Ally - SWIT\" \/>\n<meta property=\"og:description\" content=\"DEVENEZ UN #ALLI\u00c9SWiT M\u00eame si vous n&rsquo;\u00eates pas un employeur qui embauche ou forme directement des femmes de m\u00e9tier,vous pouvez toujours faire partie de la solution! A #ALLI\u00c9SWiT est une organisation qui identifie les obstacles\" \/>\n<meta property=\"og:url\" content=\"https:\/\/swit.sociationdev.com\/fr\/become-an-ally\/\" \/>\n<meta property=\"og:site_name\" content=\"SWIT\" \/>\n<meta property=\"article:modified_time\" content=\"2020-12-18T15:52:08+00:00\" \/>\n<meta property=\"og:image\" content=\"https:\/\/swit.sociationdev.com\/wp-content\/uploads\/2020\/06\/SWiT_CAF_FinalLogo-footer.jpg\" \/>\n\t<meta property=\"og:image:width\" content=\"450\" \/>\n\t<meta property=\"og:image:height\" content=\"235\" \/>\n\t<meta property=\"og:image:type\" content=\"image\/jpeg\" \/>\n<meta name=\"twitter:card\" content=\"summary_large_image\" \/>\n<script type=\"application\/ld+json\" class=\"yoast-schema-graph\">{\"@context\":\"https:\/\/schema.org\",\"@graph\":[{\"@type\":\"WebPage\",\"@id\":\"https:\/\/swit.sociationdev.com\/fr\/become-an-ally\/\",\"url\":\"https:\/\/swit.sociationdev.com\/fr\/become-an-ally\/\",\"name\":\"Become an Ally - SWIT\",\"isPartOf\":{\"@id\":\"https:\/\/swit.sociationdev.com\/#website\"},\"datePublished\":\"2020-12-17T20:18:45+00:00\",\"dateModified\":\"2020-12-18T15:52:08+00:00\",\"breadcrumb\":{\"@id\":\"https:\/\/swit.sociationdev.com\/fr\/become-an-ally\/#breadcrumb\"},\"inLanguage\":\"fr-FR\",\"potentialAction\":[{\"@type\":\"ReadAction\",\"target\":[\"https:\/\/swit.sociationdev.com\/fr\/become-an-ally\/\"]}]},{\"@type\":\"BreadcrumbList\",\"@id\":\"https:\/\/swit.sociationdev.com\/fr\/become-an-ally\/#breadcrumb\",\"itemListElement\":[{\"@type\":\"ListItem\",\"position\":1,\"name\":\"Home\",\"item\":\"https:\/\/swit.sociationdev.com\/fr\/\"},{\"@type\":\"ListItem\",\"position\":2,\"name\":\"Become an Ally\"}]},{\"@type\":\"WebSite\",\"@id\":\"https:\/\/swit.sociationdev.com\/#website\",\"url\":\"https:\/\/swit.sociationdev.com\/\",\"name\":\"SWIT\",\"description\":\"Soutenir les femmes dans les m\u00e9tiers\",\"publisher\":{\"@id\":\"https:\/\/swit.sociationdev.com\/#organization\"},\"potentialAction\":[{\"@type\":\"SearchAction\",\"target\":{\"@type\":\"EntryPoint\",\"urlTemplate\":\"https:\/\/swit.sociationdev.com\/?s={search_term_string}\"},\"query-input\":\"required name=search_term_string\"}],\"inLanguage\":\"fr-FR\"},{\"@type\":\"Organization\",\"@id\":\"https:\/\/swit.sociationdev.com\/#organization\",\"name\":\"SWIT\",\"url\":\"https:\/\/swit.sociationdev.com\/\",\"logo\":{\"@type\":\"ImageObject\",\"inLanguage\":\"fr-FR\",\"@id\":\"https:\/\/swit.sociationdev.com\/#\/schema\/logo\/image\/\",\"url\":\"https:\/\/swit.sociationdev.com\/wp-content\/uploads\/2020\/06\/logo.jpg\",\"contentUrl\":\"https:\/\/swit.sociationdev.com\/wp-content\/uploads\/2020\/06\/logo.jpg\",\"width\":353,\"height\":155,\"caption\":\"SWIT\"},\"image\":{\"@id\":\"https:\/\/swit.sociationdev.com\/#\/schema\/logo\/image\/\"}}]}<\/script>\n<!-- \/ Yoast SEO plugin. -->","yoast_head_json":{"title":"Become an Ally - SWIT","robots":{"index":"noindex","follow":"follow","max-snippet":"max-snippet:-1","max-image-preview":"max-image-preview:large","max-video-preview":"max-video-preview:-1"},"og_locale":"fr_FR","og_type":"article","og_title":"Become an Ally - SWIT","og_description":"DEVENEZ UN #ALLI\u00c9SWiT M\u00eame si vous n&rsquo;\u00eates pas un employeur qui embauche ou forme directement des femmes de m\u00e9tier,vous pouvez toujours faire partie de la solution! A #ALLI\u00c9SWiT est une organisation qui identifie les obstacles","og_url":"https:\/\/swit.sociationdev.com\/fr\/become-an-ally\/","og_site_name":"SWIT","article_modified_time":"2020-12-18T15:52:08+00:00","og_image":[{"width":450,"height":235,"url":"https:\/\/swit.sociationdev.com\/wp-content\/uploads\/2020\/06\/SWiT_CAF_FinalLogo-footer.jpg","type":"image\/jpeg"}],"twitter_card":"summary_large_image","schema":{"@context":"https:\/\/schema.org","@graph":[{"@type":"WebPage","@id":"https:\/\/swit.sociationdev.com\/fr\/become-an-ally\/","url":"https:\/\/swit.sociationdev.com\/fr\/become-an-ally\/","name":"Become an Ally - SWIT","isPartOf":{"@id":"https:\/\/swit.sociationdev.com\/#website"},"datePublished":"2020-12-17T20:18:45+00:00","dateModified":"2020-12-18T15:52:08+00:00","breadcrumb":{"@id":"https:\/\/swit.sociationdev.com\/fr\/become-an-ally\/#breadcrumb"},"inLanguage":"fr-FR","potentialAction":[{"@type":"ReadAction","target":["https:\/\/swit.sociationdev.com\/fr\/become-an-ally\/"]}]},{"@type":"BreadcrumbList","@id":"https:\/\/swit.sociationdev.com\/fr\/become-an-ally\/#breadcrumb","itemListElement":[{"@type":"ListItem","position":1,"name":"Home","item":"https:\/\/swit.sociationdev.com\/fr\/"},{"@type":"ListItem","position":2,"name":"Become an Ally"}]},{"@type":"WebSite","@id":"https:\/\/swit.sociationdev.com\/#website","url":"https:\/\/swit.sociationdev.com\/","name":"SWIT","description":"Soutenir les femmes dans les m\u00e9tiers","publisher":{"@id":"https:\/\/swit.sociationdev.com\/#organization"},"potentialAction":[{"@type":"SearchAction","target":{"@type":"EntryPoint","urlTemplate":"https:\/\/swit.sociationdev.com\/?s={search_term_string}"},"query-input":"required name=search_term_string"}],"inLanguage":"fr-FR"},{"@type":"Organization","@id":"https:\/\/swit.sociationdev.com\/#organization","name":"SWIT","url":"https:\/\/swit.sociationdev.com\/","logo":{"@type":"ImageObject","inLanguage":"fr-FR","@id":"https:\/\/swit.sociationdev.com\/#\/schema\/logo\/image\/","url":"https:\/\/swit.sociationdev.com\/wp-content\/uploads\/2020\/06\/logo.jpg","contentUrl":"https:\/\/swit.sociationdev.com\/wp-content\/uploads\/2020\/06\/logo.jpg","width":353,"height":155,"caption":"SWIT"},"image":{"@id":"https:\/\/swit.sociationdev.com\/#\/schema\/logo\/image\/"}}]}},"_links":{"self":[{"href":"https:\/\/swit.sociationdev.com\/fr\/wp-json\/wp\/v2\/pages\/921"}],"collection":[{"href":"https:\/\/swit.sociationdev.com\/fr\/wp-json\/wp\/v2\/pages"}],"about":[{"href":"https:\/\/swit.sociationdev.com\/fr\/wp-json\/wp\/v2\/types\/page"}],"author":[{"embeddable":true,"href":"https:\/\/swit.sociationdev.com\/fr\/wp-json\/wp\/v2\/users\/2"}],"replies":[{"embeddable":true,"href":"https:\/\/swit.sociationdev.com\/fr\/wp-json\/wp\/v2\/comments?post=921"}],"version-history":[{"count":8,"href":"https:\/\/swit.sociationdev.com\/fr\/wp-json\/wp\/v2\/pages\/921\/revisions"}],"predecessor-version":[{"id":936,"href":"https:\/\/swit.sociationdev.com\/fr\/wp-json\/wp\/v2\/pages\/921\/revisions\/936"}],"wp:attachment":[{"href":"https:\/\/swit.sociationdev.com\/fr\/wp-json\/wp\/v2\/media?parent=921"}],"curies":[{"name":"wp","href":"https:\/\/api.w.org\/{rel}","templated":true}]}}